{"id":15238,"date":"2023-01-09T17:43:58","date_gmt":"2023-01-09T16:43:58","guid":{"rendered":"https:\/\/thermalies.savoiaterme.it\/?page_id=15238"},"modified":"2023-01-09T17:44:22","modified_gmt":"2023-01-09T16:44:22","slug":"dati-societari","status":"publish","type":"page","link":"https:\/\/thermalies.savoiaterme.it\/fr\/dati-societari\/","title":{"rendered":"Donn\u00e9es soci\u00e9taires"},"content":{"rendered":"<div  class=\"grids-section grids-is-advanced alignfull\" style=\"--_gs-gap-desktop:0px 0px;--_gs-m-desktop:0 0 0 0;--_gs-p-desktop:0 0 0 0;--_gs-bg-desktop:transparent none;--_gs-bg-xp-desktop:0px;--_gs-zi-desktop:auto;--_gs-d-desktop:block;--_gs-mw-desktop:calc(100% - 0 - 0);--_gs-gap-tablet:0px 0px;--_gs-m-tablet:0 0 0 0;--_gs-p-tablet:0 0 0 0;--_gs-bg-tablet:transparent none;--_gs-bg-xp-tablet:0px;--_gs-zi-tablet:auto;--_gs-d-tablet:block;--_gs-mw-tablet:calc(100% - 0 - 0);--_gs-gap-mobile:0px 0px;--_gs-m-mobile:0 0 0 0;--_gs-p-mobile:0 0 0 0;--_gs-bg-mobile:transparent none;--_gs-bg-xp-mobile:0px;--_gs-zi-mobile:auto;--_gs-d-mobile:block;--_gs-mw-mobile:calc(100% - 0 - 0);--_gs-columns:12;--_gs-rows:6\"><div class=\"grids-s-w_i\">\n<div class=\"grids-area\" style=\"--_ga-column:2\/12;--_ga-row:1\/7;--_ga-m-desktop:0 0 0 0;--_ga-p-desktop:0 0 0 0;--_ga-bg-desktop:transparent none;--_ga-zi-desktop:auto;--_ga-d-desktop:flex;--_ga-mw-desktop:calc(100% - 0 - 0);--_ga-m-tablet:0 0 0 0;--_ga-p-tablet:0 0 0 0;--_ga-bg-tablet:transparent none;--_ga-zi-tablet:auto;--_ga-d-tablet:flex;--_ga-mw-tablet:calc(100% - 0 - 0);--_ga-m-mobile:0 0 0 0;--_ga-p-mobile:0 0 0 0;--_ga-bg-mobile:transparent none;--_ga-zi-mobile:auto;--_ga-d-mobile:flex;--_ga-mw-mobile:calc(100% - 0 - 0)\">\n\n<p>SAVOIA THERMAE SPA HOTEL\n<br>\nVia Pietro D'Abano, 53 &#8211; 35031 Abano Terme (PD)\n<br>\nTel: <a href=\"tel:\">+39 049 823 11 11<\/a>\n<br>E-Mail: <a href=\"mailto:\">info@savoiaterme.it<\/a><\/p>\n\n\n\n<div style=\"height:15px\" aria-hidden=\"true\" class=\"wp-block-spacer\"><\/div>\n\n\n\n<p>DELTA B&B srl<br>Via Valerio Flacco, 99 &#8211; 35031 Abano Terme (PD)<br>Capital social: \u20ac 25.800 i.v.<br>Num\u00e9ro de TVA: IT03548200280<br>R.E.A.: 318462<\/p>\n\n<\/div>\n<\/div><\/div>","protected":false},"excerpt":{"rendered":"","protected":false},"author":1,"featured_media":0,"parent":0,"menu_order":0,"comment_status":"closed","ping_status":"closed","template":"","meta":{"_acf_changed":false,"advgb_blocks_editor_width":"","advgb_blocks_columns_visual_guide":"","footnotes":""},"class_list":["post-15238","page","type-page","status-publish","hentry","entry"],"acf":[],"yoast_head":"<!-- This site is optimized with the Yoast SEO plugin v25.3.1 - https:\/\/yoast.com\/wordpress\/plugins\/seo\/ -->\n<title>Donn\u00e9es soci\u00e9taires - Hotel Savoia Therm\u00e6 &amp; Spa<\/title>\n<meta name=\"robots\" content=\"noindex, follow, max-snippet:-1, max-image-preview:large, max-video-preview:-1\" \/>\n<meta property=\"og:locale\" content=\"fr_FR\" \/>\n<meta property=\"og:type\" content=\"article\" \/>\n<meta property=\"og:title\" content=\"Donn\u00e9es soci\u00e9taires - Hotel Savoia Therm\u00e6 &amp; Spa\" \/>\n<meta property=\"og:url\" content=\"https:\/\/thermalies.savoiaterme.it\/fr\/dati-societari\/\" \/>\n<meta property=\"og:site_name\" content=\"Hotel Savoia Therm\u00e6 &amp; Spa\" \/>\n<meta property=\"article:modified_time\" content=\"2023-01-09T16:44:22+00:00\" \/>\n<meta name=\"twitter:card\" content=\"summary_large_image\" \/>\n<meta name=\"twitter:label1\" content=\"Dur\u00e9e de lecture estim\u00e9e\" \/>\n\t<meta name=\"twitter:data1\" content=\"1 minute\" \/>\n<script type=\"application\/ld+json\" class=\"yoast-schema-graph\">{\"@context\":\"https:\/\/schema.org\",\"@graph\":[{\"@type\":\"WebPage\",\"@id\":\"https:\/\/thermalies.savoiaterme.it\/fr\/dati-societari\/\",\"url\":\"https:\/\/thermalies.savoiaterme.it\/fr\/dati-societari\/\",\"name\":\"Donn\u00e9es soci\u00e9taires - Hotel Savoia Therm\u00e6 &amp; Spa\",\"isPartOf\":{\"@id\":\"https:\/\/thermalies.savoiaterme.it\/fr\/#website\"},\"datePublished\":\"2023-01-09T16:43:58+00:00\",\"dateModified\":\"2023-01-09T16:44:22+00:00\",\"inLanguage\":\"fr-FR\",\"potentialAction\":[{\"@type\":\"ReadAction\",\"target\":[\"https:\/\/thermalies.savoiaterme.it\/fr\/dati-societari\/\"]}]},{\"@type\":\"WebSite\",\"@id\":\"https:\/\/thermalies.savoiaterme.it\/fr\/#website\",\"url\":\"https:\/\/thermalies.savoiaterme.it\/fr\/\",\"name\":\"Hotel Savoia Therm\u00e6 &amp; Spa\",\"description\":\"ABANO TERME\",\"potentialAction\":[{\"@type\":\"SearchAction\",\"target\":{\"@type\":\"EntryPoint\",\"urlTemplate\":\"https:\/\/thermalies.savoiaterme.it\/fr\/?s={search_term_string}\"},\"query-input\":{\"@type\":\"PropertyValueSpecification\",\"valueRequired\":true,\"valueName\":\"search_term_string\"}}],\"inLanguage\":\"fr-FR\"}]}<\/script>\n<!-- \/ Yoast SEO plugin. -->","yoast_head_json":{"title":"Donn\u00e9es soci\u00e9taires - Hotel Savoia Therm\u00e6 &amp; Spa","robots":{"index":"noindex","follow":"follow","max-snippet":"max-snippet:-1","max-image-preview":"max-image-preview:large","max-video-preview":"max-video-preview:-1"},"og_locale":"fr_FR","og_type":"article","og_title":"Donn\u00e9es soci\u00e9taires - Hotel Savoia Therm\u00e6 &amp; Spa","og_url":"https:\/\/thermalies.savoiaterme.it\/fr\/dati-societari\/","og_site_name":"Hotel Savoia Therm\u00e6 &amp; Spa","article_modified_time":"2023-01-09T16:44:22+00:00","twitter_card":"summary_large_image","twitter_misc":{"Dur\u00e9e de lecture estim\u00e9e":"1 minute"},"schema":{"@context":"https:\/\/schema.org","@graph":[{"@type":"WebPage","@id":"https:\/\/thermalies.savoiaterme.it\/fr\/dati-societari\/","url":"https:\/\/thermalies.savoiaterme.it\/fr\/dati-societari\/","name":"Donn\u00e9es soci\u00e9taires - Hotel Savoia Therm\u00e6 &amp; Spa","isPartOf":{"@id":"https:\/\/thermalies.savoiaterme.it\/fr\/#website"},"datePublished":"2023-01-09T16:43:58+00:00","dateModified":"2023-01-09T16:44:22+00:00","inLanguage":"fr-FR","potentialAction":[{"@type":"ReadAction","target":["https:\/\/thermalies.savoiaterme.it\/fr\/dati-societari\/"]}]},{"@type":"WebSite","@id":"https:\/\/thermalies.savoiaterme.it\/fr\/#website","url":"https:\/\/thermalies.savoiaterme.it\/fr\/","name":"Hotel Savoia Therm\u00e6 &amp; Spa","description":"ABANO TERME","potentialAction":[{"@type":"SearchAction","target":{"@type":"EntryPoint","urlTemplate":"https:\/\/thermalies.savoiaterme.it\/fr\/?s={search_term_string}"},"query-input":{"@type":"PropertyValueSpecification","valueRequired":true,"valueName":"search_term_string"}}],"inLanguage":"fr-FR"}]}},"coauthors":[],"author_meta":{"author_link":"https:\/\/thermalies.savoiaterme.it\/fr\/author\/sav014-t3rm294k\/","display_name":"sav014-t3rm294k"},"relative_dates":{"created":"Publi\u00e9 3 ans il y a","modified":"Mis \u00e0 jour 3 ans il y a"},"absolute_dates":{"created":"Publi\u00e9 le 09\/01\/2023","modified":"Mise \u00e0 jour le 09\/01\/2023"},"absolute_dates_time":{"created":"Publi\u00e9 le 09\/01\/2023 17:43","modified":"Mise \u00e0 jour le 09\/01\/2023 17:44"},"featured_img_caption":"","featured_img":false,"series_order":"","_links":{"self":[{"href":"https:\/\/thermalies.savoiaterme.it\/fr\/wp-json\/wp\/v2\/pages\/15238","targetHints":{"allow":["GET"]}}],"collection":[{"href":"https:\/\/thermalies.savoiaterme.it\/fr\/wp-json\/wp\/v2\/pages"}],"about":[{"href":"https:\/\/thermalies.savoiaterme.it\/fr\/wp-json\/wp\/v2\/types\/page"}],"author":[{"embeddable":true,"href":"https:\/\/thermalies.savoiaterme.it\/fr\/wp-json\/wp\/v2\/users\/1"}],"replies":[{"embeddable":true,"href":"https:\/\/thermalies.savoiaterme.it\/fr\/wp-json\/wp\/v2\/comments?post=15238"}],"version-history":[{"count":2,"href":"https:\/\/thermalies.savoiaterme.it\/fr\/wp-json\/wp\/v2\/pages\/15238\/revisions"}],"predecessor-version":[{"id":15240,"href":"https:\/\/thermalies.savoiaterme.it\/fr\/wp-json\/wp\/v2\/pages\/15238\/revisions\/15240"}],"wp:attachment":[{"href":"https:\/\/thermalies.savoiaterme.it\/fr\/wp-json\/wp\/v2\/media?parent=15238"}],"curies":[{"name":"wp","href":"https:\/\/api.w.org\/{rel}","templated":true}]}}